{"id":2309,"date":"2024-11-06T17:51:45","date_gmt":"2024-11-06T16:51:45","guid":{"rendered":"https:\/\/matrobusiness.com\/?page_id=2309"},"modified":"2024-11-13T01:34:36","modified_gmt":"2024-11-13T00:34:36","slug":"avis-legal","status":"publish","type":"page","link":"https:\/\/matrobusiness.com\/es\/avis-legal\/","title":{"rendered":"Aviso Legal"},"content":{"rendered":"<div data-elementor-type=\"wp-page\" data-elementor-id=\"2309\" class=\"elementor elementor-2309\">\n\t\t\t\t<div class=\"elementor-element elementor-element-8fad476 e-flex e-con-boxed wpr-particle-no wpr-jarallax-no wpr-parallax-no wpr-sticky-section-no e-con e-parent\" data-id=\"8fad476\" data-element_type=\"container\">\n\t\t\t\t\t<div class=\"e-con-inner\">\n\t\t\t\t<div class=\"elementor-element elementor-element-1e198ef elementor-widget elementor-widget-text-editor\" data-id=\"1e198ef\" data-element_type=\"widget\" data-widget_type=\"text-editor.default\">\n\t\t\t\t<div class=\"elementor-widget-container\">\n\t\t\t\t\t\t\t<p><strong>Aviso Legal<\/strong><\/p><p>En compliment amb el que estableix la Llei 34\/2002 de 11 de Juliol, de Serveis de la Societat de la Informaci\u00f3 i el Comer\u00e7 Electr\u00f2nic (LSSICE), s\u2019informa dels seg\u00fcents aspectes legals:<\/p><p><strong>PROPIETAT DEL LLOC WEB<\/strong><\/p><p>Responsable: Olga Ylla Gayol\u00e0 (en endavant Matrosl)<\/p><p>Nif: B55300933<\/p><p>Direcci\u00f3: Passeig Sant Joan, 21, 17500 RIPOLL (GIRONA)<\/p><p>Tel\u00e8fon: 616829708<\/p><p>Email: <a class=\"\" href=\"mailto:matrosl2017@gmail.com\" target=\"_blank\" rel=\"noopener noreferrer\">matrosl2017@gmail.com<\/a><\/p><p>Registre Mercantil de GIRONA, Tom 3166, Foli 167, Full GI-62317, Insc. 1<\/p><p>Activitat: LLOGUER i VENDA DE M\u00c0QUINES ESPREMEDORES<\/p><p><strong>CONDICIONS GENERALS D&#8217;\u00daS<\/strong><\/p><p>Tots els elements que formen el lloc web, aix\u00ed com la seva estructura, disseny, codi font, aix\u00ed com els logotips, marques i altres signes distintius que apareixen en la mateixa, s\u00f3n titularitat de Matrosl o dels seus col\u00b7laboradors i estan protegits pels corresponents drets de propietat intel\u00b7lectual i industrial.<\/p><p>Igualment estan protegits pels corresponents drets de propietat intel\u00b7lectual i industrial les imatges i altres elements gr\u00e0fics inclosos al lloc web.<\/p><p>Matrosl prohibeix expressament la realitzaci\u00f3 de \u201cframing\u201d o la utilitzaci\u00f3 per part de tercers de qualssevol altres mecanismes que alterin el disseny, configuraci\u00f3 original o continguts del nostre lloc web.<\/p><p>L\u2019\u00fas dels continguts ha de respectar la seva llicenciament particular. De tal manera el seu \u00fas, reproducci\u00f3, distribuci\u00f3, comunicaci\u00f3 p\u00fablica, transformaci\u00f3 o qualsevol altra activitat similar o an\u00e0loga, queda totalment prohibida llevat que hi hagi pr\u00e8via i expressa autoritzaci\u00f3 de Matrosl.<\/p><p>\u00danicament s\u2019autoritza la reproducci\u00f3 total o parcial dels textos i continguts proporcionats pel lloc web, sempre que concorrin totes i cadascuna de les seg\u00fcents condicions:<\/p><ol><li>Es mantingui la integritat dels continguts, documents o gr\u00e0fics.<\/li><li>Es citi expressament a Matrosl com a font i origen d\u2019aquells.<\/li><li>El prop\u00f2sit i la finalitat de tal \u00fas sigui compatible amb els fins de la web i \/ o activitat de Matrosl.<\/li><li>No es pretengui un \u00fas comercial, quedant expressament prohibides la seva distribuci\u00f3, comunicaci\u00f3 p\u00fablica, transformaci\u00f3 o descompilaci\u00f3.<\/li><\/ol><p>Qualsevol altre \u00fas haur\u00e0 de ser comunicat i autoritzat per Matrosl, pr\u00e8via i expressament.<\/p><p>Respecte a les cites de productes i serveis de tercers, Matrosl reconeix a favor dels seus titulars els corresponents drets de propietat industrial i intel\u00b7lectual, no implicant el seu sol esment o aparici\u00f3 en la web l\u2019exist\u00e8ncia de drets ni de responsabilitat alguna sobre els mateixos, com tampoc respatller, patrocini o recomanaci\u00f3.<\/p><p>Matrosl declara el seu respecte als drets de propietat intel\u00b7lectual i industrial de tercers; per aix\u00f2, si considera que el nostre lloc web poguessin estar violant els seus drets, preguem es posi en contacte amb Matrosl.<\/p><p><strong>RESPONSABILITAT<\/strong><\/p><p>Matrosl no garanteix la inexist\u00e8ncia d\u2019errors en l\u2019acc\u00e9s a la web, en el seu contingut, ni que aquest es trobi actualitzat, encara que Matrosl desenvolupar\u00e0 els seus millors esfor\u00e7os per a, si escau, evitar-los, resoldre\u2019ls o actualitzar-los.<\/p><p>Tant l\u2019acc\u00e9s al lloc web de Matrosl, com l\u2019\u00fas que pugui fer de la informaci\u00f3 continguda en els mateixos \u00e9s de l\u2019exclusiva responsabilitat de qui ho realitza.<\/p><p>Matrosl no es fa responsable de la informaci\u00f3 i continguts emmagatzemats, a t\u00edtol enunciatiu per\u00f2 no limitatiu, en f\u00f2rums, xats, blocs, comentaris, xarxes socials o qualsevol altre mitj\u00e0 que permeti a tercers publicar continguts de la forma independent a la p\u00e0gina web de Matrosl.<\/p><p>No obstant aix\u00f2 i en compliment del que disposa la LSSI, Matrosl es posa a disposici\u00f3 de tots els usuaris, autoritats i forces de seguretat, i col\u00b7laborant de forma activa en la retirada o si escau bloqueig de tots aquells continguts que poguessin afectar o contravenir la legislaci\u00f3 nacional, o internacional, drets de tercers o la moral i l\u2019ordre p\u00fablic. En cas que l\u2019usuari consideri que existeix en el lloc web algun contingut que pogu\u00e9s ser susceptible d\u2019aquesta classificaci\u00f3, preguem es posi en contacte amb Matrosl.<\/p><p>Matrosl no es responsabilitza de les contestacions que es realitzin a trav\u00e9s de les diferents adreces de correu electr\u00f2nic que apareixen al seu lloc web, de manera que en cap cas podr\u00e0 derivar cap efecte jur\u00eddic vinculant de les mateixes.<\/p><p><strong>LINKS O HIPERENLLA\u00c7OS<\/strong><\/p><p>Els enlla\u00e7os continguts en el nostre lloc web poden dirigir a continguts Web de tercer. L\u2019objectiu d\u2019aquests enlla\u00e7os \u00e9s \u00fanicament facilitar-li la recerca dels recursos que li puguin interessar a trav\u00e9s d\u2019Internet. No obstant aix\u00f2, aquestes p\u00e0gines no pertanyen a Matrosl, ni fa una revisi\u00f3 dels seus continguts i, per aix\u00f2, Matrosl no assumeix cap responsabilitat pel contingut, informacions o serveis que poguessin apar\u00e8ixer en aquests llocs, que tindran exclusivament car\u00e0cter informatiu i que en cap cas impliquen cap relaci\u00f3 entre Matrosl i les persones o entitats titulars de tals continguts o titulars d\u2019altres llocs on es trobin. Matrosl tampoc pot fer-se responsable del funcionament de la p\u00e0gina enlla\u00e7ada o dels possibles danys que puguin derivar de l\u2019acc\u00e9s o \u00fas de la mateixa.<\/p><p>Els enlla\u00e7os al lloc web de Matrosl hauran de respectar les seg\u00fcents condicions:<\/p><ol><li>L\u2019establiment de l\u2019enlla\u00e7 no suposar\u00e0 cap tipus d\u2019acord, contracte, patrocini ni recomanaci\u00f3 per part de Matrosl de la p\u00e0gina que realitza l\u2019enlla\u00e7.<\/li><li>La p\u00e0gina web en la qual s\u2019estableixi l\u2019hiperenlla\u00e7 no contindr\u00e0 informacions amb continguts que siguin il\u00b7l\u00edcits, discriminatoris, contraris als principis.<\/li><li>Matrosl pot sol\u00b7licitar que es retiri un enlla\u00e7 al seu web, sense necessitat d\u2019al\u00b7legar cap causa. En aquest cas, la p\u00e0gina que hagi realitzat l\u2019enlla\u00e7 haur\u00e0 de procedir a la seva immediata supressi\u00f3, tan aviat com rebi la notificaci\u00f3 de Matrosl.<\/li><li>No es responsabilitza de cap manera ni garanteix la claredat, exactitud, fiabilitat, correcci\u00f3 o moralitat de continguts o serveis que l\u2019establiment de l\u2019hiperenlla\u00e7 pugui oferir. L\u2019usuari assumeix sota la seva exclusiva responsabilitat les conseq\u00fc\u00e8ncies, danys o accions que poguessin derivar-se de l\u2019acc\u00e9s a la p\u00e0gina web de l\u2019hiperenlla\u00e7.<\/li><li>La p\u00e0gina web en la qual s\u2019estableixi l\u2019hiperenlla\u00e7 no podr\u00e0 contenir marca, denominaci\u00f3, logotip, esl\u00f2gan o altres signes distintius que pertanyin a Matrosl excepte aquells signes que formin part del mateix hiperenlla\u00e7.<\/li><\/ol><p><strong>PROTECCI\u00d3 DE DADES PERSONALS<\/strong><\/p><p>Les dades personals sol\u00b7licitades per a la prestaci\u00f3 dels nostres serveis s\u2019inclouen en fitxers sotmesos al que disposa la Llei Org\u00e0nica de Protecci\u00f3 de Dades 15\/1999 (LOPD) i al Reial Decret 1720\/2007, de 21 de desembre, pel qual es aprova el reglament de desenvolupament de la mateixa (RLOPD) i el Reglament General de Protecci\u00f3 de Dades (RGPD) 2016\/679.<\/p><p>La recollida i tractament d\u2019aquestes dades es duen a terme per Matrosl, i tenen per finalitat la gesti\u00f3, prestaci\u00f3, ampliaci\u00f3 i millora dels serveis sol\u00b7licitats en cada moment per l\u2019usuari, el seguiment de consultes, participaci\u00f3 en processos de selecci\u00f3 de personal, comunicacions electr\u00f2niques i\/o la confecci\u00f3 d\u2019estad\u00edstiques.<\/p><p>Els serveis prestats per Matrosl estan dirigits a majors de 14 anys. En el sup\u00f2sit excepcional que es desenvolup\u00e9s algun servei dirigit espec\u00edficament a menors d\u2019aquesta edat, Matrosl sol\u00b7licitar\u00e0 la conformitat dels pares o tutors per a la recollida de les dades personals o, si escau, per al tractament automatitzat de les dades.<\/p><p>Matrosl es compromet a complir la seva obligaci\u00f3 de secret respecte de les dades de car\u00e0cter personal i el seu deure de guardar-les, i adoptar\u00e0 totes les mesures de seguretat necess\u00e0ries per evitar la seva alteraci\u00f3, p\u00e8rdua, tractament o acc\u00e9s no autoritzat, d\u2019acord amb el que estableix la normativa aplicable.<\/p><p>Igualment, l\u2019usuari queda informat que pot exercitar els drets d\u2019acc\u00e9s, rectificaci\u00f3, cancel\u00b7laci\u00f3 i oposici\u00f3, aix\u00ed com altres drets reconeguts per la normativa vigent, dirigint-se per escrit a Passeig Sant Joan, 21, 17500 RIPOLL (GIRONA) o a trav\u00e9s del correu electr\u00f2nic <a class=\"\" href=\"mailto:matrosl2017@gmail.com\" target=\"_blank\" rel=\"noopener noreferrer\">matrosl2017@gmail.com<\/a>, adjuntant en ambd\u00f3s casos una c\u00f2pia del seu DNI o un altre document identificatiu similar.<\/p><p>La navegaci\u00f3 per la p\u00e0gina web de Matrosl deixa com a rastre la data i hora de l\u2019\u00faltima visita, el disseny de continguts que l\u2019usuari va triar en la seva primera visita a la nostra web, elements de seguretat que intervenen en el control d\u2019acc\u00e9s a les \u00e0rees restringides, adre\u00e7a IP assignada pel seu prove\u00efdor de serveis d\u2019Internet i el nom de domini des del qual va accedir a la web. Aquesta informaci\u00f3 nom\u00e9s ser\u00e0 utilitzada amb la finalitat de confeccionar dades estad\u00edstiques del lloc web.<\/p><p>Matrosl pot utilitzar cookies durant la prestaci\u00f3 de serveis del lloc web. Les cookies s\u00f3n fitxers f\u00edsics d\u2019informaci\u00f3 personal allotjats en el mateix terminal de l\u2019usuari. L\u2019usuari t\u00e9 la possibilitat de configurar el seu programa navegador de manera que s\u2019impedeixi la creaci\u00f3 d\u2019arxius cookie o s\u2019adverteixi del moment en qu\u00e8 aix\u00f2 succeeixi.<\/p><p>Si decideix abandonar el nostre lloc web a trav\u00e9s d\u2019enlla\u00e7os a llocs web no pertanyents a la nostra entitat, Matrosl no es far\u00e0 responsable de les pol\u00edtiques de privacitat d\u2019aquests llocs web ni de les cookies que aquests puguin emmagatzemar en l\u2019ordinador de l\u2019usuari.<\/p><p>La nostra pol\u00edtica respecte al correu electr\u00f2nic se centra en remetre \u00fanicament comunicacions que vost\u00e8 hagi sol\u00b7licitat rebre.<\/p><p>Si prefereix no rebre aquests missatges per correu electr\u00f2nic, li oferirem a trav\u00e9s dels mateixos la possibilitat d\u2019exercir el seu dret de cancel\u00b7laci\u00f3 i ren\u00fancia a la recepci\u00f3 d\u2019aquests missatges, en conformitat amb el que disposa el T\u00edtol III, article 22 de la Llei 34\/2002 de Serveis per a la Societat de la Informaci\u00f3 i de Comer\u00e7 Electr\u00f2nic.<\/p><p><strong>LEGISLACI\u00d3 APLICABLE I JURISDICCI\u00d3<\/strong><\/p><p>Les presents condicions es regiran per la legislaci\u00f3 espanyola vigent.<\/p><p>La llengua utilitzada ser\u00e0 el Catal\u00e0.<\/p><p>Per a qualsevol q\u00fcesti\u00f3 que pugui sorgir o acci\u00f3 derivada de la prestaci\u00f3 dels serveis i continguts de Matrosl i sobre la interpretaci\u00f3, aplicaci\u00f3, compliment o incompliment del que aqu\u00ed s\u2019estableix, Matrosl i l\u2019usuari, amb ren\u00fancia expressa a qualsevol altre fur que pogu\u00e9s correspondre\u2019ls, se sotmeten a la jurisdicci\u00f3 dels Jutjats i Tribunals del domicili de l\u2019usuari. En el cas que l\u2019usuari tingui el seu domicili fora d\u2019Espanya, Matrosl i l\u2019usuari se sotmeten, amb ren\u00fancia expressa a qualsevol altre fur, als jutjats i tribunals de GIRONA.<\/p>\t\t\t\t\t\t<\/div>\n\t\t\t\t<\/div>\n\t\t\t\t\t<\/div>\n\t\t\t\t<\/div>\n\t\t\t\t<\/div>","protected":false},"excerpt":{"rendered":"<p>Av\u00eds Legal En compliment amb el que estableix la Llei 34\/2002 de 11 de Juliol, de Serveis de la Societat de la Informaci\u00f3 i el Comer\u00e7 Electr\u00f2nic (LSSICE), s\u2019informa dels seg\u00fcents aspectes legals: PROPIETAT DEL LLOC WEB Responsable: Olga Ylla Gayol\u00e0 (en endavant Matrosl) Nif: B55300933 Direcci\u00f3: Passeig Sant Joan, 21, 17500 RIPOLL (GIRONA) Tel\u00e8fon: 616829708 Email: matrosl2017@gmail.com Registre Mercantil de GIRONA, Tom 3166, Foli 167, Full GI-62317, Insc. 1 Activitat: LLOGUER i VENDA DE M\u00c0QUINES ESPREMEDORES CONDICIONS GENERALS D&#8217;\u00daS Tots els elements que formen el lloc web, aix\u00ed com la seva estructura, disseny, codi font, aix\u00ed com els logotips, marques i altres signes distintius que apareixen en la mateixa, s\u00f3n titularitat de Matrosl o dels seus col\u00b7laboradors i estan protegits pels corresponents drets de propietat intel\u00b7lectual i industrial. Igualment estan protegits pels corresponents drets de propietat intel\u00b7lectual i industrial les imatges i altres elements gr\u00e0fics inclosos al lloc web. Matrosl prohibeix expressament la realitzaci\u00f3 de \u201cframing\u201d o la utilitzaci\u00f3 per part de tercers de qualssevol altres mecanismes que alterin el disseny, configuraci\u00f3 original o continguts del nostre lloc web. L\u2019\u00fas dels continguts ha de respectar la seva llicenciament particular. De tal manera el seu \u00fas, reproducci\u00f3, distribuci\u00f3, comunicaci\u00f3 p\u00fablica, transformaci\u00f3 o qualsevol altra activitat similar o an\u00e0loga, queda totalment prohibida llevat que hi hagi pr\u00e8via i expressa autoritzaci\u00f3 de Matrosl. \u00danicament s\u2019autoritza la reproducci\u00f3 total o parcial dels textos i continguts proporcionats pel lloc web, sempre que concorrin totes i cadascuna de les seg\u00fcents condicions: Es mantingui la integritat dels continguts, documents o gr\u00e0fics. Es citi expressament a Matrosl com a font i origen d\u2019aquells. El prop\u00f2sit i la finalitat de tal \u00fas sigui compatible amb els fins de la web i \/ o activitat de Matrosl. No es pretengui un \u00fas comercial, quedant expressament prohibides la seva distribuci\u00f3, comunicaci\u00f3 p\u00fablica, transformaci\u00f3 o descompilaci\u00f3. Qualsevol altre \u00fas haur\u00e0 de ser comunicat i autoritzat per Matrosl, pr\u00e8via i expressament. Respecte a les cites de productes i serveis de tercers, Matrosl reconeix a favor dels seus titulars els corresponents drets de propietat industrial i intel\u00b7lectual, no implicant el seu sol esment o aparici\u00f3 en la web l\u2019exist\u00e8ncia de drets ni de responsabilitat alguna sobre els mateixos, com tampoc respatller, patrocini o recomanaci\u00f3. Matrosl declara el seu respecte als drets de propietat intel\u00b7lectual i industrial de tercers; per aix\u00f2, si considera que el nostre lloc web poguessin estar violant els seus drets, preguem es posi en contacte amb Matrosl. RESPONSABILITAT Matrosl no garanteix la inexist\u00e8ncia d\u2019errors en l\u2019acc\u00e9s a la web, en el seu contingut, ni que aquest es trobi actualitzat, encara que Matrosl desenvolupar\u00e0 els seus millors esfor\u00e7os per a, si escau, evitar-los, resoldre\u2019ls o actualitzar-los. Tant l\u2019acc\u00e9s al lloc web de Matrosl, com l\u2019\u00fas que pugui fer de la informaci\u00f3 continguda en els mateixos \u00e9s de l\u2019exclusiva responsabilitat de qui ho realitza. Matrosl no es fa responsable de la informaci\u00f3 i continguts emmagatzemats, a t\u00edtol enunciatiu per\u00f2 no limitatiu, en f\u00f2rums, xats, blocs, comentaris, xarxes socials o qualsevol altre mitj\u00e0 que permeti a tercers publicar continguts de la forma independent a la p\u00e0gina web de Matrosl. No obstant aix\u00f2 i en compliment del que disposa la LSSI, Matrosl es posa a disposici\u00f3 de tots els usuaris, autoritats i forces de seguretat, i col\u00b7laborant de forma activa en la retirada o si escau bloqueig de tots aquells continguts que poguessin afectar o contravenir la legislaci\u00f3 nacional, o internacional, drets de tercers o la moral i l\u2019ordre p\u00fablic. En cas que l\u2019usuari consideri que existeix en el lloc web algun contingut que pogu\u00e9s ser susceptible d\u2019aquesta classificaci\u00f3, preguem es posi en contacte amb Matrosl. Matrosl no es responsabilitza de les contestacions que es realitzin a trav\u00e9s de les diferents adreces de correu electr\u00f2nic que apareixen al seu lloc web, de manera que en cap cas podr\u00e0 derivar cap efecte jur\u00eddic vinculant de les mateixes. LINKS O HIPERENLLA\u00c7OS Els enlla\u00e7os continguts en el nostre lloc web poden dirigir a continguts Web de tercer. L\u2019objectiu d\u2019aquests enlla\u00e7os \u00e9s \u00fanicament facilitar-li la recerca dels recursos que li puguin interessar a trav\u00e9s d\u2019Internet. No obstant aix\u00f2, aquestes p\u00e0gines no pertanyen a Matrosl, ni fa una revisi\u00f3 dels seus continguts i, per aix\u00f2, Matrosl no assumeix cap responsabilitat pel contingut, informacions o serveis que poguessin apar\u00e8ixer en aquests llocs, que tindran exclusivament car\u00e0cter informatiu i que en cap cas impliquen cap relaci\u00f3 entre Matrosl i les persones o entitats titulars de tals continguts o titulars d\u2019altres llocs on es trobin. Matrosl tampoc pot fer-se responsable del funcionament de la p\u00e0gina enlla\u00e7ada o dels possibles danys que puguin derivar de l\u2019acc\u00e9s o \u00fas de la mateixa. Els enlla\u00e7os al lloc web de Matrosl hauran de respectar les seg\u00fcents condicions: L\u2019establiment de l\u2019enlla\u00e7 no suposar\u00e0 cap tipus d\u2019acord, contracte, patrocini ni recomanaci\u00f3 per part de Matrosl de la p\u00e0gina que realitza l\u2019enlla\u00e7. La p\u00e0gina web en la qual s\u2019estableixi l\u2019hiperenlla\u00e7 no contindr\u00e0 informacions amb continguts que siguin il\u00b7l\u00edcits, discriminatoris, contraris als principis. Matrosl pot sol\u00b7licitar que es retiri un enlla\u00e7 al seu web, sense necessitat d\u2019al\u00b7legar cap causa. En aquest cas, la p\u00e0gina que hagi realitzat l\u2019enlla\u00e7 haur\u00e0 de procedir a la seva immediata supressi\u00f3, tan aviat com rebi la notificaci\u00f3 de Matrosl. No es responsabilitza de cap manera ni garanteix la claredat, exactitud, fiabilitat, correcci\u00f3 o moralitat de continguts o serveis que l\u2019establiment de l\u2019hiperenlla\u00e7 pugui oferir. L\u2019usuari assumeix sota la seva exclusiva responsabilitat les conseq\u00fc\u00e8ncies, danys o accions que poguessin derivar-se de l\u2019acc\u00e9s a la p\u00e0gina web de l\u2019hiperenlla\u00e7. La p\u00e0gina web en la qual s\u2019estableixi l\u2019hiperenlla\u00e7 no podr\u00e0 contenir marca, denominaci\u00f3, logotip, esl\u00f2gan o altres signes distintius que pertanyin a Matrosl excepte aquells signes que formin part del mateix hiperenlla\u00e7. PROTECCI\u00d3 DE DADES PERSONALS Les dades personals sol\u00b7licitades per a la prestaci\u00f3 dels nostres serveis s\u2019inclouen en fitxers sotmesos al que disposa la Llei Org\u00e0nica de Protecci\u00f3 de Dades 15\/1999 (LOPD) i al Reial Decret 1720\/2007, de 21 de desembre, pel qual es aprova el reglament de desenvolupament de la mateixa (RLOPD) i el Reglament<\/p>","protected":false},"author":1,"featured_media":0,"parent":0,"menu_order":0,"comment_status":"closed","ping_status":"closed","template":"","meta":{"footnotes":""},"class_list":["post-2309","page","type-page","status-publish","hentry"],"_links":{"self":[{"href":"https:\/\/matrobusiness.com\/es\/wp-json\/wp\/v2\/pages\/2309","targetHints":{"allow":["GET"]}}],"collection":[{"href":"https:\/\/matrobusiness.com\/es\/wp-json\/wp\/v2\/pages"}],"about":[{"href":"https:\/\/matrobusiness.com\/es\/wp-json\/wp\/v2\/types\/page"}],"author":[{"embeddable":true,"href":"https:\/\/matrobusiness.com\/es\/wp-json\/wp\/v2\/users\/1"}],"replies":[{"embeddable":true,"href":"https:\/\/matrobusiness.com\/es\/wp-json\/wp\/v2\/comments?post=2309"}],"version-history":[{"count":7,"href":"https:\/\/matrobusiness.com\/es\/wp-json\/wp\/v2\/pages\/2309\/revisions"}],"predecessor-version":[{"id":2738,"href":"https:\/\/matrobusiness.com\/es\/wp-json\/wp\/v2\/pages\/2309\/revisions\/2738"}],"wp:attachment":[{"href":"https:\/\/matrobusiness.com\/es\/wp-json\/wp\/v2\/media?parent=2309"}],"curies":[{"name":"wp","href":"https:\/\/api.w.org\/{rel}","templated":true}]}}