{"id":2307,"date":"2024-11-06T17:51:37","date_gmt":"2024-11-06T16:51:37","guid":{"rendered":"https:\/\/matrobusiness.com\/?page_id=2307"},"modified":"2024-11-13T01:39:50","modified_gmt":"2024-11-13T00:39:50","slug":"politica-de-cookies","status":"publish","type":"page","link":"https:\/\/matrobusiness.com\/es\/politica-de-cookies\/","title":{"rendered":"Pol\u00edtica de Cookies"},"content":{"rendered":"<div data-elementor-type=\"wp-page\" data-elementor-id=\"2307\" class=\"elementor elementor-2307\">\n\t\t\t\t<div class=\"elementor-element elementor-element-861ec6f e-flex e-con-boxed wpr-particle-no wpr-jarallax-no wpr-parallax-no wpr-sticky-section-no e-con e-parent\" data-id=\"861ec6f\" data-element_type=\"container\">\n\t\t\t\t\t<div class=\"e-con-inner\">\n\t\t\t\t<div class=\"elementor-element elementor-element-9b32398 elementor-widget elementor-widget-text-editor\" data-id=\"9b32398\" data-element_type=\"widget\" data-widget_type=\"text-editor.default\">\n\t\t\t\t<div class=\"elementor-widget-container\">\n\t\t\t\t\t\t\t<p><strong>Pol\u00edtica de Cookies<\/strong><\/p><p>En compliment amb el que estableix la Llei 34\/2002 de 11 de Juliol, de Serveis de la Societat de la Informaci\u00f3 i el Comer\u00e7 Electr\u00f2nic (LSSICE), s\u2019informa dels seg\u00fcents aspectes legals:<\/p><p><strong>PROPIETAT DEL LLOC WEB<\/strong><\/p><ul><li>Responsable: Matrosl<\/li><li>NIF: B55300933<\/li><li>Direcci\u00f3: Passeig Sant Joan, 21, 17500 RIPOLL (GIRONA)<\/li><li>Tel\u00e8fon: 616829708<\/li><li>Email:\u00a0<a class=\"\" href=\"mailto:matrosl2017@gmail.com\" target=\"_blank\" rel=\"noopener noreferrer\">matrosl2017@gmail.com<\/a><\/li><li>Registre Mercantil de Girona, Tom 1234, Foli 567, Full 890, Insc. 1<\/li><li>Activitat: Serveis de comer\u00e7 electr\u00f2nic i atenci\u00f3 al client.<\/li><\/ul><p><strong>INFORMACI\u00d3 I TERMINOLOGIES<\/strong><\/p><p>Les cookies s\u00f3n arxius petits que les p\u00e0gines web, botigues online, intranets, plataformes en l\u00ednia o similars, s\u2019emmagatzemen en el navegador de l\u2019usuari que les visita i resulten necessaris per aportar a la navegaci\u00f3 web innombrables avantatges en la prestaci\u00f3 de serveis interactius.<\/p><p>La seg\u00fcent informaci\u00f3 dels tipus possibles de cookies ajuda a comprendre millor les funcions que fan possible:<\/p><ul><li><strong>Cookies de sessi\u00f3:<\/strong>\u00a0S\u00f3n cookies temporals que romanen en l\u2019espai de cookies del seu equip fins que tanca el navegador.<\/li><li><strong>Cookies persistents:<\/strong>\u00a0S\u00f3n cookies que romanen emmagatzemades en l\u2019espai de cookies del seu equip un cop tancat el navegador.<\/li><\/ul><p>Les cookies intercanviades en navegar per una p\u00e0gina web poden ser:<\/p><ul><li><strong>Cookies d\u2019origen o pr\u00f2pies:<\/strong>\u00a0Generades per la pr\u00f2pia p\u00e0gina web que s\u2019est\u00e0 visitant.<\/li><li><strong>Cookies de tercers:<\/strong>\u00a0Generades per un tercer servei que es troba allotjat en la p\u00e0gina web que visitem.<\/li><\/ul><p>Les cookies poden ser usades per a:<\/p><ul><li><strong>Fins t\u00e8cnics:<\/strong>\u00a0Permeten a l\u2019usuari la navegaci\u00f3 a trav\u00e9s d\u2019una p\u00e0gina web.<\/li><li><strong>Personalitzaci\u00f3:<\/strong>\u00a0Permeten configurar aspectes com el llenguatge.<\/li><li><strong>An\u00e0lisi o rendiment:<\/strong>\u00a0Mesuren el nombre de visites i criteris de navegaci\u00f3.<\/li><li><strong>Publicitat:<\/strong>\u00a0Implementen par\u00e0metres d\u2019efici\u00e8ncia en la publicitat.<\/li><li><strong>Publicitat comportamental:<\/strong>\u00a0Desenvolupen un perfil espec\u00edfic per mostrar publicitat.<\/li><\/ul><p><strong>DETALL DE COOKIES UTILITZADES<\/strong><\/p><p>El lloc web de Matrosl utilitza cookies per al correcte funcionament i visualitzaci\u00f3 dels llocs web per part de l\u2019usuari, aix\u00ed com la recollida d\u2019estad\u00edstiques. En concret, s\u2019utilitzen les cookies seg\u00fcents:<\/p><ul><li><strong>Idioma:<\/strong>\u00a0Per guardar l\u2019idioma seleccionat per l\u2019usuari.<\/li><li><strong>Acceptaci\u00f3 de Cookies:<\/strong>\u00a0Per recordar que s\u2019ha acceptat l\u2019\u00fas de cookies.<\/li><li><strong>Sessi\u00f3:<\/strong>\u00a0Guarda l\u2019\u00faltima data de connexi\u00f3 a la web.<\/li><\/ul><p>Cap d\u2019elles guarda cap tipus de dades de l\u2019usuari.<\/p><p><strong>SERVEIS DE TERCERS<\/strong><\/p><p>Addicionalment, Matrosl t\u00e9 pres\u00e8ncia en portals i serveis de tercers per als quals, si desitja con\u00e8ixer les condicions de privacitat i \u00fas de cookies, s\u2019han de consultar les pol\u00edtiques proporcionades pels mateixos:<\/p><ul><li>Facebook:\u00a0<a class=\"\" href=\"https:\/\/es-es.facebook.com\/help\/cookies\" target=\"_blank\" rel=\"noopener noreferrer\">https:\/\/es-es.facebook.com\/help\/cookies<\/a><\/li><li>Twitter:\u00a0<a class=\"\" href=\"https:\/\/twitter.com\/privacy\" target=\"_blank\" rel=\"noopener noreferrer\">https:\/\/twitter.com\/privacy<\/a><\/li><li>YouTube:\u00a0<a class=\"\" href=\"https:\/\/www.google.es\/intl\/es\/policies\/technologies\/cookies\/\" target=\"_blank\" rel=\"noopener noreferrer\">https:\/\/www.google.es\/intl\/es\/policies\/technologies\/cookies\/<\/a><\/li><li>LinkedIn:\u00a0<a class=\"\" href=\"http:\/\/www.linkedin.com\/legal\/privacy-policy\" target=\"_blank\" rel=\"noopener noreferrer\">http:\/\/www.linkedin.com\/legal\/privacy-policy<\/a><\/li><li>Google+:\u00a0<a class=\"\" href=\"https:\/\/www.google.es\/intl\/es\/policies\/technologies\/cookies\/\" target=\"_blank\" rel=\"noopener noreferrer\">https:\/\/www.google.es\/intl\/es\/policies\/technologies\/cookies\/<\/a><\/li><li>Instagram:\u00a0<a class=\"\" href=\"https:\/\/www.facebook.com\/policies\/cookies\/\" target=\"_blank\" rel=\"noopener noreferrer\">https:\/\/www.facebook.com\/policies\/cookies\/<\/a><\/li><\/ul><p><strong>ACCEPTACI\u00d3 DE LA POL\u00cdTICA DE COOKIES<\/strong><\/p><p>Matrosl mostra informaci\u00f3 sobre la seva Pol\u00edtica de Cookies a la part inferior de la p\u00e0gina inicial del lloc web amb cada inici de sessi\u00f3 amb l\u2019objecte que vost\u00e8 sigui conscient.<\/p><p>Davant d\u2019aquesta informaci\u00f3 \u00e9s possible dur a terme les seg\u00fcents accions:<\/p><ul><li><strong>Acceptar les Cookies:<\/strong>\u00a0No es tornar\u00e0 a visualitzar aquest av\u00eds en accedir a qualsevol p\u00e0gina del portal durant la present sessi\u00f3.<\/li><li><strong>Modificar la configuraci\u00f3:<\/strong>\u00a0Li donem informaci\u00f3 sobre com modificar la configuraci\u00f3 del seu navegador per a restringir o bloquejar les cookies en qualsevol moment.<\/li><li><strong>Seguir navegant:<\/strong>\u00a0En aquest cas s\u2019anir\u00e0 demanant el consentiment.<\/li><\/ul><p><strong>COM MODIFICAR LA CONFIGURACI\u00d3 DE LES COOKIES<\/strong><\/p><p>Vost\u00e8 pot restringir, bloquejar o esborrar les cookies de Matrosl o qualsevol altra p\u00e0gina web, utilitzant el seu navegador. A cada navegador l\u2019operativa \u00e9s diferent, la funci\u00f3 de \u201cAjuda\u201d li mostrar\u00e0 com fer-ho:<\/p><ul><li>Internet Explorer:\u00a0<a class=\"\" href=\"https:\/\/support.microsoft.com\/es-es\/help\/17442\/windows-internet-explorer-delete-manage-cookies#ie=\" target=\"_blank\" rel=\"noopener noreferrer\">https:\/\/support.microsoft.com\/es-es\/help\/17442\/windows-internet-explorer-delete-manage-cookies#ie=<\/a><\/li><li>FireFox:\u00a0<a class=\"\" href=\"https:\/\/support.mozilla.org\/es\/kb\/Borrar%20cookies\" target=\"_blank\" rel=\"noopener noreferrer\">https:\/\/support.mozilla.org\/es\/kb\/Borrar%20cookies<\/a><\/li><li>Chrome:\u00a0<a class=\"\" href=\"https:\/\/support.google.com\/chrome\/answer\/95647?hl=es\" target=\"_blank\" rel=\"noopener noreferrer\">https:\/\/support.google.com\/chrome\/answer\/95647?hl=es<\/a><\/li><li>Safari:\u00a0<a class=\"\" href=\"https:\/\/www.apple.com\/legal\/privacy\/es\/cookies\/\" target=\"_blank\" rel=\"noopener noreferrer\">https:\/\/www.apple.com\/legal\/privacy\/es\/cookies\/<\/a><\/li><\/ul><p>A m\u00e9s, tamb\u00e9 pot gestionar el magatzem de cookies al seu navegador a trav\u00e9s d\u2019eines com les seg\u00fcents:<\/p><ul><li>Ghostery:\u00a0<a class=\"\" href=\"https:\/\/www.ghostery.com\/\" target=\"_blank\" rel=\"noopener noreferrer\">https:\/\/www.ghostery.com\/<\/a><\/li><li>Your online choices:\u00a0<a class=\"\" href=\"http:\/\/www.youronlinechoices.com\/es\/\" target=\"_blank\" rel=\"noopener noreferrer\">http:\/\/www.youronlinechoices.com\/es\/<\/a><\/li><\/ul>\t\t\t\t\t\t<\/div>\n\t\t\t\t<\/div>\n\t\t\t\t\t<\/div>\n\t\t\t\t<\/div>\n\t\t\t\t<\/div>","protected":false},"excerpt":{"rendered":"<p>Pol\u00edtica de Cookies En compliment amb el que estableix la Llei 34\/2002 de 11 de Juliol, de Serveis de la Societat de la Informaci\u00f3 i el Comer\u00e7 Electr\u00f2nic (LSSICE), s\u2019informa dels seg\u00fcents aspectes legals: PROPIETAT DEL LLOC WEB Responsable: Matrosl NIF: B55300933 Direcci\u00f3: Passeig Sant Joan, 21, 17500 RIPOLL (GIRONA) Tel\u00e8fon: 616829708 Email:\u00a0matrosl2017@gmail.com Registre Mercantil de Girona, Tom 1234, Foli 567, Full 890, Insc. 1 Activitat: Serveis de comer\u00e7 electr\u00f2nic i atenci\u00f3 al client. INFORMACI\u00d3 I TERMINOLOGIES Les cookies s\u00f3n arxius petits que les p\u00e0gines web, botigues online, intranets, plataformes en l\u00ednia o similars, s\u2019emmagatzemen en el navegador de l\u2019usuari que les visita i resulten necessaris per aportar a la navegaci\u00f3 web innombrables avantatges en la prestaci\u00f3 de serveis interactius. La seg\u00fcent informaci\u00f3 dels tipus possibles de cookies ajuda a comprendre millor les funcions que fan possible: Cookies de sessi\u00f3:\u00a0S\u00f3n cookies temporals que romanen en l\u2019espai de cookies del seu equip fins que tanca el navegador. Cookies persistents:\u00a0S\u00f3n cookies que romanen emmagatzemades en l\u2019espai de cookies del seu equip un cop tancat el navegador. Les cookies intercanviades en navegar per una p\u00e0gina web poden ser: Cookies d\u2019origen o pr\u00f2pies:\u00a0Generades per la pr\u00f2pia p\u00e0gina web que s\u2019est\u00e0 visitant. Cookies de tercers:\u00a0Generades per un tercer servei que es troba allotjat en la p\u00e0gina web que visitem. Les cookies poden ser usades per a: Fins t\u00e8cnics:\u00a0Permeten a l\u2019usuari la navegaci\u00f3 a trav\u00e9s d\u2019una p\u00e0gina web. Personalitzaci\u00f3:\u00a0Permeten configurar aspectes com el llenguatge. An\u00e0lisi o rendiment:\u00a0Mesuren el nombre de visites i criteris de navegaci\u00f3. Publicitat:\u00a0Implementen par\u00e0metres d\u2019efici\u00e8ncia en la publicitat. Publicitat comportamental:\u00a0Desenvolupen un perfil espec\u00edfic per mostrar publicitat. DETALL DE COOKIES UTILITZADES El lloc web de Matrosl utilitza cookies per al correcte funcionament i visualitzaci\u00f3 dels llocs web per part de l\u2019usuari, aix\u00ed com la recollida d\u2019estad\u00edstiques. En concret, s\u2019utilitzen les cookies seg\u00fcents: Idioma:\u00a0Per guardar l\u2019idioma seleccionat per l\u2019usuari. Acceptaci\u00f3 de Cookies:\u00a0Per recordar que s\u2019ha acceptat l\u2019\u00fas de cookies. Sessi\u00f3:\u00a0Guarda l\u2019\u00faltima data de connexi\u00f3 a la web. Cap d\u2019elles guarda cap tipus de dades de l\u2019usuari. SERVEIS DE TERCERS Addicionalment, Matrosl t\u00e9 pres\u00e8ncia en portals i serveis de tercers per als quals, si desitja con\u00e8ixer les condicions de privacitat i \u00fas de cookies, s\u2019han de consultar les pol\u00edtiques proporcionades pels mateixos: Facebook:\u00a0https:\/\/es-es.facebook.com\/help\/cookies Twitter:\u00a0https:\/\/twitter.com\/privacy YouTube:\u00a0https:\/\/www.google.es\/intl\/es\/policies\/technologies\/cookies\/ LinkedIn:\u00a0http:\/\/www.linkedin.com\/legal\/privacy-policy Google+:\u00a0https:\/\/www.google.es\/intl\/es\/policies\/technologies\/cookies\/ Instagram:\u00a0https:\/\/www.facebook.com\/policies\/cookies\/ ACCEPTACI\u00d3 DE LA POL\u00cdTICA DE COOKIES Matrosl mostra informaci\u00f3 sobre la seva Pol\u00edtica de Cookies a la part inferior de la p\u00e0gina inicial del lloc web amb cada inici de sessi\u00f3 amb l\u2019objecte que vost\u00e8 sigui conscient. Davant d\u2019aquesta informaci\u00f3 \u00e9s possible dur a terme les seg\u00fcents accions: Acceptar les Cookies:\u00a0No es tornar\u00e0 a visualitzar aquest av\u00eds en accedir a qualsevol p\u00e0gina del portal durant la present sessi\u00f3. Modificar la configuraci\u00f3:\u00a0Li donem informaci\u00f3 sobre com modificar la configuraci\u00f3 del seu navegador per a restringir o bloquejar les cookies en qualsevol moment. Seguir navegant:\u00a0En aquest cas s\u2019anir\u00e0 demanant el consentiment. COM MODIFICAR LA CONFIGURACI\u00d3 DE LES COOKIES Vost\u00e8 pot restringir, bloquejar o esborrar les cookies de Matrosl o qualsevol altra p\u00e0gina web, utilitzant el seu navegador. A cada navegador l\u2019operativa \u00e9s diferent, la funci\u00f3 de \u201cAjuda\u201d li mostrar\u00e0 com fer-ho: Internet Explorer:\u00a0https:\/\/support.microsoft.com\/es-es\/help\/17442\/windows-internet-explorer-delete-manage-cookies#ie= FireFox:\u00a0https:\/\/support.mozilla.org\/es\/kb\/Borrar%20cookies Chrome:\u00a0https:\/\/support.google.com\/chrome\/answer\/95647?hl=es Safari:\u00a0https:\/\/www.apple.com\/legal\/privacy\/es\/cookies\/ A m\u00e9s, tamb\u00e9 pot gestionar el magatzem de cookies al seu navegador a trav\u00e9s d\u2019eines com les seg\u00fcents: Ghostery:\u00a0https:\/\/www.ghostery.com\/ Your online choices:\u00a0http:\/\/www.youronlinechoices.com\/es\/<\/p>","protected":false},"author":1,"featured_media":0,"parent":0,"menu_order":0,"comment_status":"closed","ping_status":"closed","template":"","meta":{"footnotes":""},"class_list":["post-2307","page","type-page","status-publish","hentry"],"_links":{"self":[{"href":"https:\/\/matrobusiness.com\/es\/wp-json\/wp\/v2\/pages\/2307","targetHints":{"allow":["GET"]}}],"collection":[{"href":"https:\/\/matrobusiness.com\/es\/wp-json\/wp\/v2\/pages"}],"about":[{"href":"https:\/\/matrobusiness.com\/es\/wp-json\/wp\/v2\/types\/page"}],"author":[{"embeddable":true,"href":"https:\/\/matrobusiness.com\/es\/wp-json\/wp\/v2\/users\/1"}],"replies":[{"embeddable":true,"href":"https:\/\/matrobusiness.com\/es\/wp-json\/wp\/v2\/comments?post=2307"}],"version-history":[{"count":7,"href":"https:\/\/matrobusiness.com\/es\/wp-json\/wp\/v2\/pages\/2307\/revisions"}],"predecessor-version":[{"id":2746,"href":"https:\/\/matrobusiness.com\/es\/wp-json\/wp\/v2\/pages\/2307\/revisions\/2746"}],"wp:attachment":[{"href":"https:\/\/matrobusiness.com\/es\/wp-json\/wp\/v2\/media?parent=2307"}],"curies":[{"name":"wp","href":"https:\/\/api.w.org\/{rel}","templated":true}]}}